{"id":22,"date":"2015-07-23T12:44:26","date_gmt":"2015-07-23T10:44:26","guid":{"rendered":"https:\/\/civicmonitoring.org\/?page_id=22"},"modified":"2019-01-21T16:48:54","modified_gmt":"2019-01-21T15:48:54","slug":"projektpartner","status":"publish","type":"page","link":"https:\/\/civicmonitoring.org\/de\/projektpartner\/","title":{"rendered":"Projektpartner"},"content":{"rendered":"<h3 style=\"text-align: justify;\"><strong><img loading=\"lazy\" decoding=\"async\" class=\" wp-image-211 alignleft\" src=\"https:\/\/www.civicmonitoring.org\/wp-content\/uploads\/2015\/07\/KhPG_symbol.jpg\" alt=\"KhPG_symbol\" width=\"95\" height=\"116\" \/><\/strong>Charkiver Menschenrechtsgruppe<\/h3>\n<p>&nbsp;<\/p>\n<p style=\"text-align: justify;\">Die Charkiver Menschenrechtsgruppe (KhPG) ist im November 1992 als eigenst\u00e4ndige juristische Person registriert worden, obwohl sie als Menschenrechtsgruppe von Memorial Charkiv bereits seit 1988 bekannt war und einige Mitglieder der Gruppe an der Menschenrechtsbewegung in den 60er- bis 70er-Jahren beteiligt waren.<br \/>\nDie KhPG arbeitet zugleich in drei Richtungen:<\/p>\n<ul>\n<li style=\"text-align: left;\">Hilfe f\u00fcr Personen, deren Rechte verletzt wurden<\/li>\n<li style=\"text-align: left;\">zivilgesellschaftliche Ermittlung von Fakten zu Menschenrechtsverletzungen; rechtliche Aufkl\u00e4rungsarbeit, Verbreitung menschenrechtlicher Ideen durch \u00f6ffentliche Veranstaltungen und die T\u00e4tigkeit als Herausgeber<\/li>\n<li style=\"text-align: left;\">Analyse der Menschenrechtssituation in der Ukraine (vorrangig b\u00fcrgerliche Rechte und Freiheiten)<\/li>\n<\/ul>\n<p style=\"text-align: justify;\">Innerhalb eines aufgebauten Netzes von Menschenrechtsverteidigern, das Menschenrechtsorganisationen in der ganzen Ukraine verbindet, ist die KhPG dessen Ressourcen-Zentrum, haupts\u00e4chlich in Sachen Information. Die Infobriefe der KhPG &#8222;Menschenrechte (523 Ausgaben, darunter 112 auf Englisch) fasst die Informationen aus dem ersten T\u00e4tigkeitsfeld zusammen und bietet ihre erste Analyse an, die Infobriefe &#8222;B\u00fcrgerliche Bildung&#8220; (75 Ausgaben) und Sonderausgaben (86, darunter 44 B\u00fccher) befassen sich mit dem zweiten und dritten T\u00e4tigkeitsfeld. Die Ergebnisse zu den Untersuchungen im Bereich Meinungs-, Ausdrucks- und Informationsfreiheit werden in der Vierteljahresschrift &#8222;Meinungsfreiheit und Privatsph\u00e4re&#8220; dargestellt. Forschungen zur Geschichte der Menschenrechtsbewegung in der Ukraine finden sich in einer Vielzahl von Ausgaben.<\/p>\n<p style=\"text-align: justify;\">1998 erhielt die KhPG den von EU und USA gestifteten Preis &#8222;F\u00fcr Demokratie und Zivilgesellschaft&#8220;<\/p>\n<p style=\"text-align: justify;\">Heute hat die KhPG ungef\u00e4hr 50 Mitglieder &#8211; Journalisten, Historiker, Philologen, Juristen, Methematiker, Physiker, Programmierer, Lehrer, Ingenieure, Studenten. Es gibt 25 feste Mitarbeiter, die \u00fcbrigen arbeiten neben- und ehrenamtlich<\/p>\n<p style=\"text-align: justify;\"><a href=\"http:\/\/www.khpg.org\/\" target=\"_blank\" rel=\"noopener\">Webseite (ukr\/ru\/eng)<\/a><\/p>\n<p style=\"text-align: justify;\"><a href=\"https:\/\/www.civicmonitoring.org\/wp-content\/uploads\/2015\/07\/vsos.jpg\" data-rel=\"lightbox-image-0\" data-rl_title=\"\" data-rl_caption=\"\" title=\"\"><img loading=\"lazy\" decoding=\"async\" class=\" wp-image-219 alignleft\" src=\"https:\/\/www.civicmonitoring.org\/wp-content\/uploads\/2015\/07\/vsos-282x300.jpg\" alt=\"vsos\" width=\"162\" height=\"172\" srcset=\"https:\/\/civicmonitoring.org\/wp-content\/uploads\/2015\/07\/vsos-282x300.jpg 282w, https:\/\/civicmonitoring.org\/wp-content\/uploads\/2015\/07\/vsos.jpg 733w\" sizes=\"(max-width: 162px) 100vw, 162px\" \/><\/a> <strong>Vostok SOS<\/strong><\/p>\n<p style=\"text-align: justify;\">Gr\u00fcndungsgeschichte:<br \/>\nDie zivilgesellschaftliche Initiative Vostok SOS wurde am 05.Mai 2014 gegr\u00fcndet und basiert auf der Organisation Menschenrechtszentrum &#8222;Postup&#8220;, das bis dahin in Luhansk gearbetet hatte; der Initiative schloss sich die Organisation &#8222;Krimer Menschenrechtszentrum &#8222;Dejstvie&#8220;&#8220; an, deren Mitglieder ebenfalls gezwungen waren, die besetzte Krim zu verlassen. Dieser Zusammenschluss wurde in einem gemeinsamen Memorandum \u00fcber die Gr\u00fcndung der Initiative Vostok SOS bekr\u00e4ftigt.<br \/>\nDa die Aktivisten sich in einem Umfeld mit einem hohen Gef\u00e4hrdungsrisiko befanden, mussten sie nach Kiev umziehen, wo sie mit Hilfe einiger Organisationen und Privatpersonen ein Zentrum f\u00fcr die Koordinierung der Hilfe f\u00fcr die Bewohner des Ostens der Ukraine er\u00f6ffneten. Aktuell z\u00e4hlt das Team von Vostok SOS ungef\u00e4hr 35 Aktivisten aus Luhansk, Kiev, Charkiv, Simferopol und anderen St\u00e4dten.<\/p>\n<p style=\"text-align: justify;\">T\u00e4tigkeitsfelder<\/p>\n<ul>\n<li style=\"text-align: justify;\">Hilfe f\u00fcr Gesch\u00e4digte (Personen, denen k\u00f6rperliche Gewalt widerfahren ist, aus politischen Gr\u00fcnden oder ohne)<\/li>\n<li style=\"text-align: justify;\">Hilfe f\u00fcr Binnenfl\u00fcchtlinge (Personen, die die Zone des Konfliktes und kriegerischer Handlungen verlassen mussten, um Gefahr f\u00fcr Leben und Gesundheit abzuwenden)<\/li>\n<li style=\"text-align: justify;\">telefonische Hotline f\u00fcr Bewohner der \u00f6stlichen Gebiete (juristische, psychologische Beratung, M\u00f6glichkeiten, die Region zu verlassen)<\/li>\n<li style=\"text-align: justify;\">Verbreitung von \u00fcberpr\u00fcften Informationen aus der Region<\/li>\n<li style=\"text-align: justify;\">integrative und Freizeitma\u00dfnahmen f\u00fcr Kinder von Binnenfl\u00fcchtlingen<\/li>\n<li style=\"text-align: justify;\">Hilfe bei der Befreiung von Geiseln<\/li>\n<li style=\"text-align: justify;\">Rechtsberatung<\/li>\n<li style=\"text-align: justify;\">Lobbyieren von Gesetzesentw\u00fcrfen<\/li>\n<li style=\"text-align: justify;\">Arbeit in den befreiten St\u00e4dten (humanit\u00e4re Hilfe, Unterst\u00fctzung von medizinischen Einrichtungen, Monitoring der Menschenrechtssituation)<\/li>\n<\/ul>\n<p style=\"text-align: justify;\"><a href=\"http:\/\/vostok-sos.org\/\" target=\"_blank\" rel=\"noopener\">Webseite (ru)<\/a><\/p>\n<p style=\"text-align: justify;\"><a href=\"https:\/\/www.civicmonitoring.org\/wp-content\/uploads\/2015\/07\/Helsinki-Foundation.jpg\" data-rel=\"lightbox-image-1\" data-rl_title=\"\" data-rl_caption=\"\" title=\"\"><img loading=\"lazy\" decoding=\"async\" class=\" wp-image-220 alignleft\" src=\"https:\/\/www.civicmonitoring.org\/wp-content\/uploads\/2015\/07\/Helsinki-Foundation.jpg\" alt=\"Helsinki-Foundation\" width=\"278\" height=\"71\" \/><\/a> <strong>Helsinki-Menschenrechtsstiftung Warschau<\/strong><\/p>\n<p style=\"text-align: justify;\">Wir sind eine Organisation, die 1989 von Mitgliedern des Helsinki-Komitees in Polen gegr\u00fcndet wurde. Unsere Mission ist es, eine Kultur f\u00fcr Freiheits- und Menschenrechte im In- und Ausland zu entwickeln. Seit 2007 haben wir einen Beraterstatus beim Wirtschafts- und Sozialrat der Vereinten Nationen (ECOSOC).<br \/>\nDie Helsinki-Menschenrechtsstiftung ist unter anderem Mitglied im Netzwerk der Menschenrechtsh\u00e4user, einer internationalen Organisation von nichtstaatlichen Organisationen u.a. aus Norwegen, Gro\u00dfbritannien, Belarus, Azerbaidzhan, Kenia und Uganda und der sozialen Plattform Solidarno\u015b\u0107.<\/p>\n<p style=\"text-align: justify;\"><a href=\"http:\/\/www.hfhr.pl\/\" target=\"_blank\" rel=\"noopener\">Webseite (pl\/eng)<\/a><\/p>\n","protected":false},"excerpt":{"rendered":"<p>Charkiver Menschenrechtsgruppe &nbsp; Die Charkiver Menschenrechtsgruppe (KhPG) ist im November 1992 als eigenst\u00e4ndige juristische Person registriert worden, obwohl sie als Menschenrechtsgruppe von Memorial Charkiv bereits seit 1988 bekannt war und einige Mitglieder der Gruppe an der Menschenrechtsbewegung in den 60er-&#46;&#46;&#46;<\/p>\n","protected":false},"author":1,"featured_media":0,"parent":0,"menu_order":0,"comment_status":"closed","ping_status":"open","template":"","meta":{"footnotes":""},"aioseo_notices":[],"_links":{"self":[{"href":"https:\/\/civicmonitoring.org\/de\/wp-json\/wp\/v2\/pages\/22"}],"collection":[{"href":"https:\/\/civicmonitoring.org\/de\/wp-json\/wp\/v2\/pages"}],"about":[{"href":"https:\/\/civicmonitoring.org\/de\/wp-json\/wp\/v2\/types\/page"}],"author":[{"embeddable":true,"href":"https:\/\/civicmonitoring.org\/de\/wp-json\/wp\/v2\/users\/1"}],"replies":[{"embeddable":true,"href":"https:\/\/civicmonitoring.org\/de\/wp-json\/wp\/v2\/comments?post=22"}],"version-history":[{"count":18,"href":"https:\/\/civicmonitoring.org\/de\/wp-json\/wp\/v2\/pages\/22\/revisions"}],"predecessor-version":[{"id":1280,"href":"https:\/\/civicmonitoring.org\/de\/wp-json\/wp\/v2\/pages\/22\/revisions\/1280"}],"wp:attachment":[{"href":"https:\/\/civicmonitoring.org\/de\/wp-json\/wp\/v2\/media?parent=22"}],"curies":[{"name":"wp","href":"https:\/\/api.w.org\/{rel}","templated":true}]}}