{"id":18,"date":"2015-07-23T12:39:53","date_gmt":"2015-07-23T10:39:53","guid":{"rendered":"https:\/\/civicmonitoring.org\/?page_id=18"},"modified":"2019-02-22T12:58:19","modified_gmt":"2019-02-22T11:58:19","slug":"das-projekt","status":"publish","type":"page","link":"https:\/\/civicmonitoring.org\/de\/das-projekt\/","title":{"rendered":"Das Projekt"},"content":{"rendered":"<h3><\/h3>\n<h3 style=\"text-align: left;\">Europ\u00e4ische Unterst\u00fctzung f\u00fcr wirksames Menschenrechts-Monitoring in der Ostukraine<\/h3>\n<p>&nbsp;<\/p>\n<p>Ziel des Projektes ist es, die systematische und kontinuierliche Dokumentation von Menschenrechtsverletzungen und Verst\u00f6\u00dfe gegen das humanit\u00e4re V\u00f6lkerrecht in der Ostukraine auszubauen. Durch die europ\u00e4ische Vernetzung von Menschenrechtsorganisationen soll dazu beigetragen werden, dass die \u00d6ffentlichkeit detailliert und verl\u00e4sslich \u00fcber die Situation im ukrainischen Konfliktgebiet informiert werden kann.<\/p>\n<p>Die Arbeit an diesem Projekt wird von der \u00dcberzeugung getragen, dass die Dokumentation von Menschenrechtsverletzungen zu einer Einschr\u00e4nkung der Gewaltanwendung beitragen und T\u00e4tern verdeutlichen kann, dass sie nicht von Straffreiheit ausgehen k\u00f6nnen. Damit ist europ\u00e4isches Monitoring von Rechtsverletzungen in der Ostukraine auch ein Beitrag, der Frieden stiften und damit Auss\u00f6hnung in der Zukunft m\u00f6glich machen soll.<\/p>\n<p>Das Projekt wird in der Ukraine von den Partnerorganisationen <a href=\"http:\/\/khpg.org\/\" target=\"_blank\" rel=\"noopener\">Kharkiv Human Rights Protection Group<\/a> und <a href=\"http:\/\/vostok-sos.org\/\" target=\"_blank\" rel=\"noopener\">VOSTOK SOS<\/a>, in Deutschland vom <a href=\"https:\/\/austausch.org\/\" target=\"_blank\" rel=\"noopener\">DRA Berlin<\/a> zusammen mit dem <a href=\"http:\/\/www.european-exchange.org\/en\/\" target=\"_blank\" rel=\"noopener\">Europ\u00e4ischen Austausch<\/a> betreut. Weitere Partner des DRA sind u.a. die <a href=\"http:\/\/www.hfhr.pl\" target=\"_blank\" rel=\"noopener\">Helsinkistiftung f\u00fcr Menschenrechte in Warschau<\/a>.<\/p>\n<p>Im Projekt sind u.a. folgende Ma\u00dfnahmen geplant:<\/p>\n<ul>\n<li>Drei internationale Monitoring-Missionen in die Ostukraine<\/li>\n<li>Workshops f\u00fcr Menschenrechtsbeobachter in der Ukraine<\/li>\n<li>Umfangreiche Netzwerkarbeit mit internationalen Partnern<\/li>\n<li>Advocacy-Veranstaltungen und Hintergrundgespr\u00e4che in Berlin und anderen EU-Hauptst\u00e4dten<\/li>\n<\/ul>\n<p>Eine Webseite wird die Projektarbeit dokumentieren und eine Orientierungshilfe f\u00fcr jeden sein, der sich \u00fcber die Menschenrechtslage im Donbass informieren will; denn neben bereits vorliegenden Berichten wird sie auch einen \u00dcberblick enthalten, welche NGOs in der Region arbeiten und wo Informationen aus erster Hand zu erhalten sind. Erg\u00e4nzend werden Videos der ukrainischen Partner sowohl bestimmte Problemlagen verdeutlichen als auch \u00fcber die Arbeit von Menschenrechtsorganisationen in der Ostukraine informieren.<\/p>\n<p>Ansprechpartnern des DRA f\u00fcr das Projekt:<\/p>\n<p>Tim Bohse \u2013 <a href=\"&#109;&#97;&#x69;l&#116;&#x6f;&#x3a;t&#105;&#x6d;&#x2e;b&#111;&#x68;&#x73;e&#64;&#x61;&#x75;s&#116;&#x61;&#x75;s&#99;&#x68;&#46;&#111;&#114;&#x67;\">&#116;&#x69;&#x6d;&#46;&#98;&#x6f;&#x68;s&#101;&#x40;a&#117;&#x73;&#x74;a&#117;&#x73;c&#104;&#x2e;&#x6f;r&#103;<\/a><\/p>\n<p>Das Projekt wird durch das Ausw\u00e4rtige Amt gef\u00f6rdert.<\/p>\n","protected":false},"excerpt":{"rendered":"<p>Europ\u00e4ische Unterst\u00fctzung f\u00fcr wirksames Menschenrechts-Monitoring in der Ostukraine &nbsp; Ziel des Projektes ist es, die systematische und kontinuierliche Dokumentation von Menschenrechtsverletzungen und Verst\u00f6\u00dfe gegen das humanit\u00e4re V\u00f6lkerrecht in der Ostukraine auszubauen. Durch die europ\u00e4ische Vernetzung von Menschenrechtsorganisationen soll dazu beigetragen&#46;&#46;&#46;<\/p>\n","protected":false},"author":1,"featured_media":0,"parent":0,"menu_order":0,"comment_status":"closed","ping_status":"open","template":"","meta":{"footnotes":""},"aioseo_notices":[],"_links":{"self":[{"href":"https:\/\/civicmonitoring.org\/de\/wp-json\/wp\/v2\/pages\/18"}],"collection":[{"href":"https:\/\/civicmonitoring.org\/de\/wp-json\/wp\/v2\/pages"}],"about":[{"href":"https:\/\/civicmonitoring.org\/de\/wp-json\/wp\/v2\/types\/page"}],"author":[{"embeddable":true,"href":"https:\/\/civicmonitoring.org\/de\/wp-json\/wp\/v2\/users\/1"}],"replies":[{"embeddable":true,"href":"https:\/\/civicmonitoring.org\/de\/wp-json\/wp\/v2\/comments?post=18"}],"version-history":[{"count":13,"href":"https:\/\/civicmonitoring.org\/de\/wp-json\/wp\/v2\/pages\/18\/revisions"}],"predecessor-version":[{"id":1715,"href":"https:\/\/civicmonitoring.org\/de\/wp-json\/wp\/v2\/pages\/18\/revisions\/1715"}],"wp:attachment":[{"href":"https:\/\/civicmonitoring.org\/de\/wp-json\/wp\/v2\/media?parent=18"}],"curies":[{"name":"wp","href":"https:\/\/api.w.org\/{rel}","templated":true}]}}